{"id":591,"date":"2025-04-29T19:46:20","date_gmt":"2025-04-29T19:46:20","guid":{"rendered":"https:\/\/if-therapies.com\/about-me\/"},"modified":"2026-01-16T14:45:07","modified_gmt":"2026-01-16T14:45:07","slug":"about-me","status":"publish","type":"page","link":"https:\/\/if-therapies.com\/de\/about-me\/","title":{"rendered":"\u00dcber mich"},"content":{"rendered":"<div data-elementor-type=\"wp-post\" data-elementor-id=\"591\" class=\"elementor elementor-591\">\n\t\t\t\t<div class=\"elementor-element elementor-element-b14c4e8 e-flex e-con-boxed e-con e-parent\" data-id=\"b14c4e8\" data-element_type=\"container\" data-e-type=\"container\" data-settings=\"{&quot;background_background&quot;:&quot;gradient&quot;}\">\n\t\t\t\t\t<div class=\"e-con-inner\">\n\t\t<div class=\"elementor-element elementor-element-8872224 e-con-full e-flex e-con e-child\" data-id=\"8872224\" data-element_type=\"container\" data-e-type=\"container\">\n\t\t\t\t<div class=\"elementor-element elementor-element-63e26eb elementor-widget elementor-widget-image\" data-id=\"63e26eb\" data-element_type=\"widget\" data-e-type=\"widget\" data-widget_type=\"image.default\">\n\t\t\t\t<div class=\"elementor-widget-container\">\n\t\t\t\t\t\t\t\t\t\t\t\t\t\t\t<img fetchpriority=\"high\" decoding=\"async\" width=\"1024\" height=\"824\" src=\"https:\/\/if-therapies.com\/wp-content\/uploads\/2025\/05\/Demo-Vogelsberg-1024x824.jpg\" class=\"attachment-large size-large wp-image-1228\" alt=\"Woman demonstrating the application of equine acupressure (c) IF Equine Therapies\" srcset=\"https:\/\/if-therapies.com\/wp-content\/uploads\/2025\/05\/Demo-Vogelsberg-1024x824.jpg 1024w, https:\/\/if-therapies.com\/wp-content\/uploads\/2025\/05\/Demo-Vogelsberg-300x241.jpg 300w, https:\/\/if-therapies.com\/wp-content\/uploads\/2025\/05\/Demo-Vogelsberg-768x618.jpg 768w, https:\/\/if-therapies.com\/wp-content\/uploads\/2025\/05\/Demo-Vogelsberg-1536x1235.jpg 1536w, https:\/\/if-therapies.com\/wp-content\/uploads\/2025\/05\/Demo-Vogelsberg-2048x1647.jpg 2048w, https:\/\/if-therapies.com\/wp-content\/uploads\/2025\/05\/Demo-Vogelsberg-15x12.jpg 15w, https:\/\/if-therapies.com\/wp-content\/uploads\/2025\/05\/Demo-Vogelsberg-600x483.jpg 600w\" sizes=\"(max-width: 1024px) 100vw, 1024px\" \/>\t\t\t\t\t\t\t\t\t\t\t\t\t\t\t<\/div>\n\t\t\t\t<\/div>\n\t\t\t\t<\/div>\n\t\t<div class=\"elementor-element elementor-element-ee66589 e-con-full e-flex e-con e-child\" data-id=\"ee66589\" data-element_type=\"container\" data-e-type=\"container\">\n\t\t<div class=\"elementor-element elementor-element-9257ef7 e-con-full e-flex e-con e-child\" data-id=\"9257ef7\" data-element_type=\"container\" data-e-type=\"container\">\n\t\t<div class=\"elementor-element elementor-element-034684f e-con-full e-flex e-con e-child\" data-id=\"034684f\" data-element_type=\"container\" data-e-type=\"container\">\n\t\t\t\t<div class=\"elementor-element elementor-element-4ea619b elementor-widget elementor-widget-heading\" data-id=\"4ea619b\" data-element_type=\"widget\" data-e-type=\"widget\" data-widget_type=\"heading.default\">\n\t\t\t\t<div class=\"elementor-widget-container\">\n\t\t\t\t\t<h2 class=\"elementor-heading-title elementor-size-default\">Hallo. Sch\u00f6n, dass Du hier bist.<\/h2>\t\t\t\t<\/div>\n\t\t\t\t<\/div>\n\t\t\t\t<div class=\"elementor-element elementor-element-8392e79 elementor-widget elementor-widget-text-editor\" data-id=\"8392e79\" data-element_type=\"widget\" data-e-type=\"widget\" data-widget_type=\"text-editor.default\">\n\t\t\t\t<div class=\"elementor-widget-container\">\n\t\t\t\t\t\t\t\t\t<p>Ich bin Isabell, die Gr\u00fcnderin von IF Equine Therapies. Meine Reise begann, als ich \u2013 mit Mitte 20 und damals noch als Anw\u00e4ltin t\u00e4tig - Hilfe f\u00fcr R\u00fcckenprobleme meines Pferdes suchte, die die Rittigkeit beeintr\u00e4chtigten, und dadurch die Kraft und Wirksamkeit der Akupunktur und der Traditionellen Chinesischen Medizin kennenlernte. V\u00f6llig fasziniert machte ich mich auf den Weg, um mehr zu erfahren, und der Rest ist Geschichte.<\/p>\t\t\t\t\t\t\t\t<\/div>\n\t\t\t\t<\/div>\n\t\t\t\t<\/div>\n\t\t\t\t<\/div>\n\t\t\t\t<\/div>\n\t\t\t\t\t<\/div>\n\t\t\t\t<\/div>\n\t\t<div class=\"elementor-element elementor-element-291b7ba e-flex e-con-boxed e-con e-parent\" data-id=\"291b7ba\" data-element_type=\"container\" data-e-type=\"container\">\n\t\t\t\t\t<div class=\"e-con-inner\">\n\t\t<div class=\"elementor-element elementor-element-e571947 e-con-full e-flex e-con e-child\" data-id=\"e571947\" data-element_type=\"container\" data-e-type=\"container\">\n\t\t\t\t<div class=\"elementor-element elementor-element-f4686db elementor-widget elementor-widget-image\" data-id=\"f4686db\" data-element_type=\"widget\" data-e-type=\"widget\" data-widget_type=\"image.default\">\n\t\t\t\t<div class=\"elementor-widget-container\">\n\t\t\t\t\t\t\t\t\t\t\t\t\t\t\t<img decoding=\"async\" width=\"790\" height=\"506\" src=\"https:\/\/if-therapies.com\/wp-content\/uploads\/2025\/05\/Me-2-1.jpg\" class=\"attachment-large size-large wp-image-1407\" alt=\"Owner of IF Equine Therapies and horse standing in a field\" srcset=\"https:\/\/if-therapies.com\/wp-content\/uploads\/2025\/05\/Me-2-1.jpg 790w, https:\/\/if-therapies.com\/wp-content\/uploads\/2025\/05\/Me-2-1-300x192.jpg 300w, https:\/\/if-therapies.com\/wp-content\/uploads\/2025\/05\/Me-2-1-768x492.jpg 768w, https:\/\/if-therapies.com\/wp-content\/uploads\/2025\/05\/Me-2-1-18x12.jpg 18w, https:\/\/if-therapies.com\/wp-content\/uploads\/2025\/05\/Me-2-1-600x384.jpg 600w\" sizes=\"(max-width: 790px) 100vw, 790px\" \/>\t\t\t\t\t\t\t\t\t\t\t\t\t\t\t<\/div>\n\t\t\t\t<\/div>\n\t\t\t\t<\/div>\n\t\t<div class=\"elementor-element elementor-element-bbe4801 e-con-full e-flex e-con e-child\" data-id=\"bbe4801\" data-element_type=\"container\" data-e-type=\"container\">\n\t\t<div class=\"elementor-element elementor-element-1f4f0f7 e-flex e-con-boxed e-con e-child\" data-id=\"1f4f0f7\" data-element_type=\"container\" data-e-type=\"container\">\n\t\t\t\t\t<div class=\"e-con-inner\">\n\t\t\t\t<div class=\"elementor-element elementor-element-de57ee1 elementor-widget elementor-widget-text-editor\" data-id=\"de57ee1\" data-element_type=\"widget\" data-e-type=\"widget\" data-widget_type=\"text-editor.default\">\n\t\t\t\t<div class=\"elementor-widget-container\">\n\t\t\t\t\t\t\t\t\t<p>Mein Ziel ist es heute, Euch und Euren Pferden zu helfen, so wie mir und meinem Pferd geholfen wurde, indem ich die Heilkunst der Traditionelle Chinesische Medizin mit westlichen manuellen Therapien und K\u00f6rperarbeit verbinde. Dabei gehe nicht nur auf die eigentliche Symptomatik ein, sondern verfolge einen ganzheitlichen Ansatz, um die Ursache und andere relevante Faktoren zu ermitteln, und damit die besten L\u00f6sungen f\u00fcr Dich und Deine Pferde zu finden. Ich bin der Meinung, dass in vielen Situationen eine zus\u00e4tzliche Unterst\u00fctzung nicht nur n\u00fctzlich, sondern notwendig ist, um die Gesundheit, das Wohlbefinden und das Leistungsverm\u00f6gen unserer Pferde zu erhalten oder zu verbessern. Es liegt in unserer Verantwortung, f\u00fcr sie unser Bestes zu geben, damit sie ihr Bestes f\u00fcr uns sein k\u00f6nnen.<\/p>\t\t\t\t\t\t\t\t<\/div>\n\t\t\t\t<\/div>\n\t\t\t\t\t<\/div>\n\t\t\t\t<\/div>\n\t\t\t\t<\/div>\n\t\t\t\t\t<\/div>\n\t\t\t\t<\/div>\n\t\t<div class=\"elementor-element elementor-element-6d54e4a e-flex e-con-boxed e-con e-parent\" data-id=\"6d54e4a\" data-element_type=\"container\" data-e-type=\"container\">\n\t\t\t\t\t<div class=\"e-con-inner\">\n\t\t<div class=\"elementor-element elementor-element-4dea905 e-con-full e-flex e-con e-child\" data-id=\"4dea905\" data-element_type=\"container\" data-e-type=\"container\">\n\t\t\t\t<\/div>\n\t\t<div class=\"elementor-element elementor-element-4a8e8f2 e-con-full e-flex e-con e-child\" data-id=\"4a8e8f2\" data-element_type=\"container\" data-e-type=\"container\">\n\t\t\t\t<div class=\"elementor-element elementor-element-9732600 elementor-widget elementor-widget-text-editor\" data-id=\"9732600\" data-element_type=\"widget\" data-e-type=\"widget\" data-widget_type=\"text-editor.default\">\n\t\t\t\t<div class=\"elementor-widget-container\">\n\t\t\t\t\t\t\t\t\t<p>Seit meinen ersten Schritten in die Welt der Traditionellen Chinesischen Veterin\u00e4rmedizin habe ich eine Ausbildung als Tierheilpraktikerin in Deutschland sowie in Pferde- und Hundeakupressur und TCM beim Tallgrass Animal Acupressure Institute in England absolviert und meine Kenntnisse in der Akupunktur f\u00fcr Pferde und Hunde und Traditioneller Chinesischer Medizin bei Dr. Jean Yves Guray und Lydia Galka weiter vertieft.<\/p>\t\t\t\t\t\t\t\t<\/div>\n\t\t\t\t<\/div>\n\t\t\t\t<\/div>\n\t\t\t\t\t<\/div>\n\t\t\t\t<\/div>\n\t\t<div class=\"elementor-element elementor-element-b617c11 e-flex e-con-boxed e-con e-parent\" data-id=\"b617c11\" data-element_type=\"container\" data-e-type=\"container\">\n\t\t\t\t\t<div class=\"e-con-inner\">\n\t\t<div class=\"elementor-element elementor-element-fb44365 e-con-full e-flex e-con e-child\" data-id=\"fb44365\" data-element_type=\"container\" data-e-type=\"container\">\n\t\t\t\t<\/div>\n\t\t<div class=\"elementor-element elementor-element-d7dba78 e-con-full e-flex e-con e-child\" data-id=\"d7dba78\" data-element_type=\"container\" data-e-type=\"container\">\n\t\t\t\t<div class=\"elementor-element elementor-element-a130ad9 elementor-widget elementor-widget-text-editor\" data-id=\"a130ad9\" data-element_type=\"widget\" data-e-type=\"widget\" data-widget_type=\"text-editor.default\">\n\t\t\t\t<div class=\"elementor-widget-container\">\n\t\t\t\t\t\t\t\t\t<p>Diese Ausbildungen werden erg\u00e4nzt durch Praxiserfahrung, die auf Gest\u00fcten und in anderen Pferdebetrieben gesammelt wurde, sowie durch kontinuierliche Weiterbildung in den Bereichen K\u00f6rperarbeit, manuelle Therapien, Lahmheit und Rehabilitation, Faszien und Tensegrit\u00e4t, Anatomie und Biomechanik, Pferdeverhalten, Ern\u00e4hrung, Traditionelle Chinesische (Veterin\u00e4r-)Medizin, andere komplement\u00e4re Therapien, Ausbildung von Reitern und Pferden und mehr.<\/p>\t\t\t\t\t\t\t\t<\/div>\n\t\t\t\t<\/div>\n\t\t\t\t<\/div>\n\t\t\t\t\t<\/div>\n\t\t\t\t<\/div>\n\t\t\t\t<\/div>","protected":false},"excerpt":{"rendered":"<p>Nice to Meet You I am Isabell, founder of IF Equine Therapies. My journey started when, in my 20s and working in my early career as a lawyer, I sought help for back problems affecting the rideability of one of my own horses and experienced the power and effectiveness of acupuncture and Traditional Chinese Medicine. [&hellip;]<\/p>\n","protected":false},"author":1,"featured_media":0,"parent":0,"menu_order":0,"comment_status":"closed","ping_status":"closed","template":"","meta":{"_uag_custom_page_level_css":"","site-sidebar-layout":"no-sidebar","site-content-layout":"page-builder","ast-site-content-layout":"full-width-container","site-content-style":"unboxed","site-sidebar-style":"unboxed","ast-global-header-display":"","ast-banner-title-visibility":"","ast-main-header-display":"","ast-hfb-above-header-display":"","ast-hfb-below-header-display":"","ast-hfb-mobile-header-display":"","site-post-title":"disabled","ast-breadcrumbs-content":"","ast-featured-img":"disabled","footer-sml-layout":"","ast-disable-related-posts":"","theme-transparent-header-meta":"","adv-header-id-meta":"","stick-header-meta":"","header-above-stick-meta":"","header-main-stick-meta":"","header-below-stick-meta":"","astra-migrate-meta-layouts":"set","ast-page-background-enabled":"default","ast-page-background-meta":{"desktop":{"background-color":"","background-image":"","background-repeat":"repeat","background-position":"center center","background-size":"auto","background-attachment":"scroll","background-type":"","background-media":"","overlay-type":"","overlay-color":"","overlay-opacity":"","overlay-gradient":""},"tablet":{"background-color":"","background-image":"","background-repeat":"repeat","background-position":"center center","background-size":"auto","background-attachment":"scroll","background-type":"","background-media":"","overlay-type":"","overlay-color":"","overlay-opacity":"","overlay-gradient":""},"mobile":{"background-color":"","background-image":"","background-repeat":"repeat","background-position":"center center","background-size":"auto","background-attachment":"scroll","background-type":"","background-media":"","overlay-type":"","overlay-color":"","overlay-opacity":"","overlay-gradient":""}},"ast-content-background-meta":{"desktop":{"background-color":"var(--ast-global-color-5)","background-image":"","background-repeat":"repeat","background-position":"center center","background-size":"auto","background-attachment":"scroll","background-type":"","background-media":"","overlay-type":"","overlay-color":"","overlay-opacity":"","overlay-gradient":""},"tablet":{"background-color":"var(--ast-global-color-5)","background-image":"","background-repeat":"repeat","background-position":"center center","background-size":"auto","background-attachment":"scroll","background-type":"","background-media":"","overlay-type":"","overlay-color":"","overlay-opacity":"","overlay-gradient":""},"mobile":{"background-color":"var(--ast-global-color-5)","background-image":"","background-repeat":"repeat","background-position":"center center","background-size":"auto","background-attachment":"scroll","background-type":"","background-media":"","overlay-type":"","overlay-color":"","overlay-opacity":"","overlay-gradient":""}},"iawp_total_views":65,"footnotes":""},"class_list":["post-591","page","type-page","status-publish","hentry"],"yoast_head":"<!-- This site is optimized with the Yoast SEO plugin v27.3 - https:\/\/yoast.com\/product\/yoast-seo-wordpress\/ -->\n<title>About - IF Equine Therapies<\/title>\n<meta name=\"robots\" content=\"index, follow, max-snippet:-1, max-image-preview:large, max-video-preview:-1\" \/>\n<link rel=\"canonical\" href=\"https:\/\/if-therapies.com\/de\/about-me\/\" \/>\n<meta property=\"og:locale\" content=\"de_DE\" \/>\n<meta property=\"og:type\" content=\"article\" \/>\n<meta property=\"og:title\" content=\"About - IF Equine Therapies\" \/>\n<meta property=\"og:description\" content=\"Nice to Meet You I am Isabell, founder of IF Equine Therapies. My journey started when, in my 20s and working in my early career as a lawyer, I sought help for back problems affecting the rideability of one of my own horses and experienced the power and effectiveness of acupuncture and Traditional Chinese Medicine. [&hellip;]\" \/>\n<meta property=\"og:url\" content=\"https:\/\/if-therapies.com\/de\/about-me\/\" \/>\n<meta property=\"og:site_name\" content=\"IF Equine Therapies\" \/>\n<meta property=\"article:modified_time\" content=\"2026-01-16T14:45:07+00:00\" \/>\n<meta property=\"og:image\" content=\"https:\/\/if-therapies.com\/wp-content\/uploads\/2025\/05\/Demo-Vogelsberg-scaled.jpg\" \/>\n\t<meta property=\"og:image:width\" content=\"2560\" \/>\n\t<meta property=\"og:image:height\" content=\"2059\" \/>\n\t<meta property=\"og:image:type\" content=\"image\/jpeg\" \/>\n<meta name=\"twitter:card\" content=\"summary_large_image\" \/>\n<meta name=\"twitter:label1\" content=\"Gesch\u00e4tzte Lesezeit\" \/>\n\t<meta name=\"twitter:data1\" content=\"2\u00a0Minuten\" \/>\n<script type=\"application\/ld+json\" class=\"yoast-schema-graph\">{\"@context\":\"https:\\\/\\\/schema.org\",\"@graph\":[{\"@type\":\"WebPage\",\"@id\":\"https:\\\/\\\/if-therapies.com\\\/about-me\\\/\",\"url\":\"https:\\\/\\\/if-therapies.com\\\/about-me\\\/\",\"name\":\"About - IF Equine Therapies\",\"isPartOf\":{\"@id\":\"https:\\\/\\\/if-therapies.com\\\/#website\"},\"primaryImageOfPage\":{\"@id\":\"https:\\\/\\\/if-therapies.com\\\/about-me\\\/#primaryimage\"},\"image\":{\"@id\":\"https:\\\/\\\/if-therapies.com\\\/about-me\\\/#primaryimage\"},\"thumbnailUrl\":\"https:\\\/\\\/if-therapies.com\\\/wp-content\\\/uploads\\\/2025\\\/05\\\/Demo-Vogelsberg-1024x824.jpg\",\"datePublished\":\"2025-04-29T19:46:20+00:00\",\"dateModified\":\"2026-01-16T14:45:07+00:00\",\"breadcrumb\":{\"@id\":\"https:\\\/\\\/if-therapies.com\\\/about-me\\\/#breadcrumb\"},\"inLanguage\":\"de\",\"potentialAction\":[{\"@type\":\"ReadAction\",\"target\":[\"https:\\\/\\\/if-therapies.com\\\/about-me\\\/\"]}]},{\"@type\":\"ImageObject\",\"inLanguage\":\"de\",\"@id\":\"https:\\\/\\\/if-therapies.com\\\/about-me\\\/#primaryimage\",\"url\":\"https:\\\/\\\/if-therapies.com\\\/wp-content\\\/uploads\\\/2025\\\/05\\\/Demo-Vogelsberg-1024x824.jpg\",\"contentUrl\":\"https:\\\/\\\/if-therapies.com\\\/wp-content\\\/uploads\\\/2025\\\/05\\\/Demo-Vogelsberg-1024x824.jpg\"},{\"@type\":\"BreadcrumbList\",\"@id\":\"https:\\\/\\\/if-therapies.com\\\/about-me\\\/#breadcrumb\",\"itemListElement\":[{\"@type\":\"ListItem\",\"position\":1,\"name\":\"Home\",\"item\":\"https:\\\/\\\/if-therapies.com\\\/\"},{\"@type\":\"ListItem\",\"position\":2,\"name\":\"About\"}]},{\"@type\":\"WebSite\",\"@id\":\"https:\\\/\\\/if-therapies.com\\\/#website\",\"url\":\"https:\\\/\\\/if-therapies.com\\\/\",\"name\":\"IF Equine Therapies\",\"description\":\"\",\"potentialAction\":[{\"@type\":\"SearchAction\",\"target\":{\"@type\":\"EntryPoint\",\"urlTemplate\":\"https:\\\/\\\/if-therapies.com\\\/?s={search_term_string}\"},\"query-input\":{\"@type\":\"PropertyValueSpecification\",\"valueRequired\":true,\"valueName\":\"search_term_string\"}}],\"inLanguage\":\"de\"}]}<\/script>\n<!-- \/ Yoast SEO plugin. -->","yoast_head_json":{"title":"About - IF Equine Therapies","robots":{"index":"index","follow":"follow","max-snippet":"max-snippet:-1","max-image-preview":"max-image-preview:large","max-video-preview":"max-video-preview:-1"},"canonical":"https:\/\/if-therapies.com\/de\/about-me\/","og_locale":"de_DE","og_type":"article","og_title":"About - IF Equine Therapies","og_description":"Nice to Meet You I am Isabell, founder of IF Equine Therapies. My journey started when, in my 20s and working in my early career as a lawyer, I sought help for back problems affecting the rideability of one of my own horses and experienced the power and effectiveness of acupuncture and Traditional Chinese Medicine. [&hellip;]","og_url":"https:\/\/if-therapies.com\/de\/about-me\/","og_site_name":"IF Equine Therapies","article_modified_time":"2026-01-16T14:45:07+00:00","og_image":[{"width":2560,"height":2059,"url":"https:\/\/if-therapies.com\/wp-content\/uploads\/2025\/05\/Demo-Vogelsberg-scaled.jpg","type":"image\/jpeg"}],"twitter_card":"summary_large_image","twitter_misc":{"Gesch\u00e4tzte Lesezeit":"2\u00a0Minuten"},"schema":{"@context":"https:\/\/schema.org","@graph":[{"@type":"WebPage","@id":"https:\/\/if-therapies.com\/about-me\/","url":"https:\/\/if-therapies.com\/about-me\/","name":"About - IF Equine Therapies","isPartOf":{"@id":"https:\/\/if-therapies.com\/#website"},"primaryImageOfPage":{"@id":"https:\/\/if-therapies.com\/about-me\/#primaryimage"},"image":{"@id":"https:\/\/if-therapies.com\/about-me\/#primaryimage"},"thumbnailUrl":"https:\/\/if-therapies.com\/wp-content\/uploads\/2025\/05\/Demo-Vogelsberg-1024x824.jpg","datePublished":"2025-04-29T19:46:20+00:00","dateModified":"2026-01-16T14:45:07+00:00","breadcrumb":{"@id":"https:\/\/if-therapies.com\/about-me\/#breadcrumb"},"inLanguage":"de","potentialAction":[{"@type":"ReadAction","target":["https:\/\/if-therapies.com\/about-me\/"]}]},{"@type":"ImageObject","inLanguage":"de","@id":"https:\/\/if-therapies.com\/about-me\/#primaryimage","url":"https:\/\/if-therapies.com\/wp-content\/uploads\/2025\/05\/Demo-Vogelsberg-1024x824.jpg","contentUrl":"https:\/\/if-therapies.com\/wp-content\/uploads\/2025\/05\/Demo-Vogelsberg-1024x824.jpg"},{"@type":"BreadcrumbList","@id":"https:\/\/if-therapies.com\/about-me\/#breadcrumb","itemListElement":[{"@type":"ListItem","position":1,"name":"Home","item":"https:\/\/if-therapies.com\/"},{"@type":"ListItem","position":2,"name":"About"}]},{"@type":"WebSite","@id":"https:\/\/if-therapies.com\/#website","url":"https:\/\/if-therapies.com\/","name":"IF Equine Therapies","description":"","potentialAction":[{"@type":"SearchAction","target":{"@type":"EntryPoint","urlTemplate":"https:\/\/if-therapies.com\/?s={search_term_string}"},"query-input":{"@type":"PropertyValueSpecification","valueRequired":true,"valueName":"search_term_string"}}],"inLanguage":"de"}]}},"uagb_featured_image_src":{"full":false,"thumbnail":false,"medium":false,"medium_large":false,"large":false,"1536x1536":false,"2048x2048":false,"trp-custom-language-flag":false,"woocommerce_thumbnail":false,"woocommerce_single":false,"woocommerce_gallery_thumbnail":false},"uagb_author_info":{"display_name":"admin","author_link":"https:\/\/if-therapies.com\/de\/author\/admin\/"},"uagb_comment_info":0,"uagb_excerpt":"Nice to Meet You I am Isabell, founder of IF Equine Therapies. My journey started when, in my 20s and working in my early career as a lawyer, I sought help for back problems affecting the rideability of one of my own horses and experienced the power and effectiveness of acupuncture and Traditional Chinese Medicine.&hellip;","rttpg_featured_image_url":null,"rttpg_author":{"display_name":"admin","author_link":"https:\/\/if-therapies.com\/de\/author\/admin\/"},"rttpg_comment":0,"rttpg_category":null,"rttpg_excerpt":"Nice to Meet You I am Isabell, founder of IF Equine Therapies. My journey started when, in my 20s and working in my early career as a lawyer, I sought help for back problems affecting the rideability of one of my own horses and experienced the power and effectiveness of acupuncture and Traditional Chinese Medicine.&hellip;","_links":{"self":[{"href":"https:\/\/if-therapies.com\/de\/wp-json\/wp\/v2\/pages\/591","targetHints":{"allow":["GET"]}}],"collection":[{"href":"https:\/\/if-therapies.com\/de\/wp-json\/wp\/v2\/pages"}],"about":[{"href":"https:\/\/if-therapies.com\/de\/wp-json\/wp\/v2\/types\/page"}],"author":[{"embeddable":true,"href":"https:\/\/if-therapies.com\/de\/wp-json\/wp\/v2\/users\/1"}],"replies":[{"embeddable":true,"href":"https:\/\/if-therapies.com\/de\/wp-json\/wp\/v2\/comments?post=591"}],"version-history":[{"count":99,"href":"https:\/\/if-therapies.com\/de\/wp-json\/wp\/v2\/pages\/591\/revisions"}],"predecessor-version":[{"id":2479,"href":"https:\/\/if-therapies.com\/de\/wp-json\/wp\/v2\/pages\/591\/revisions\/2479"}],"wp:attachment":[{"href":"https:\/\/if-therapies.com\/de\/wp-json\/wp\/v2\/media?parent=591"}],"curies":[{"name":"wp","href":"https:\/\/api.w.org\/{rel}","templated":true}]}}